{"id":52,"date":"2022-12-01T12:05:13","date_gmt":"2022-12-01T12:05:13","guid":{"rendered":"http:\/\/dummy.xtemos.com\/woodmart2\/mega-electronics-elementor\/?page_id=52"},"modified":"2025-05-26T07:09:14","modified_gmt":"2025-05-26T07:09:14","slug":"teslimat-politikasi","status":"publish","type":"page","link":"https:\/\/alibeykoyspot.com\/index.php\/teslimat-politikasi\/","title":{"rendered":"Teslimat Politikas\u0131"},"content":{"rendered":"\t\t<div data-elementor-type=\"wp-page\" data-elementor-id=\"52\" class=\"elementor elementor-52\">\n\t\t\t\t<div class=\"wd-negative-gap elementor-element elementor-element-b769d41 e-flex e-con-boxed e-con e-parent\" data-id=\"b769d41\" data-element_type=\"container\">\n\t\t\t\t\t<div class=\"e-con-inner\">\n\t\t<div class=\"elementor-element elementor-element-e439139 e-con-full e-flex e-con e-child\" data-id=\"e439139\" data-element_type=\"container\">\n\t\t<div class=\"elementor-element elementor-element-3a466ed e-con-full e-flex e-con e-child\" data-id=\"3a466ed\" data-element_type=\"container\" data-settings=\"{&quot;background_background&quot;:&quot;classic&quot;}\">\n\t\t\t\t<div class=\"elementor-element elementor-element-bf2d002 elementor-widget__width-initial wd-width-100 elementor-widget elementor-widget-wd_title\" data-id=\"bf2d002\" data-element_type=\"widget\" data-widget_type=\"wd_title.default\">\n\t\t\t\t<div class=\"elementor-widget-container\">\n\t\t\t\t\t\t\t<div class=\"title-wrapper wd-set-mb reset-last-child wd-title-color-white wd-title-style-default wd-title-size-medium text-left\">\n\n\t\t\t\n\t\t\t<div class=\"liner-continer\">\n\t\t\t\t<h4 class=\"woodmart-title-container title wd-fontsize-xl\">Teslimat Politikas\u0131<\/h4> \n\t\t\t\t\t\t\t<\/div>\n\n\t\t\t\t\t\t\t<div class=\"title-after_title reset-last-child wd-fontsize-s\">\n\t\t\t\t\t<p>Alibeyk\u00f6y Spot olarak, m\u00fc\u015fteri memnuniyetini \u00f6n planda tutarak h\u0131zl\u0131 ve g\u00fcvenli teslimat hizmeti sunmaktay\u0131z.<\/p>\t\t\t\t<\/div>\n\t\t\t\t\t<\/div>\n\t\t\t\t\t\t<\/div>\n\t\t\t\t<\/div>\n\t\t\t\t<div class=\"elementor-element elementor-element-44e29d2 elementor-widget__width-initial elementor-widget elementor-widget-wd_image_or_svg\" data-id=\"44e29d2\" data-element_type=\"widget\" data-widget_type=\"wd_image_or_svg.default\">\n\t\t\t\t<div class=\"elementor-widget-container\">\n\t\t\t\t\t\n\t\t<div class=\"wd-image text-center\">\n\t\t\t\t\t\t\t\t<img fetchpriority=\"high\" decoding=\"async\" width=\"420\" height=\"240\" src=\"https:\/\/alibeykoyspot.com\/wp-content\/uploads\/2023\/01\/delivery-return-img.jpg\" class=\"attachment-full size-full\" alt=\"\" \/>\t\t\t\t\t<\/div>\n\n\t\t\t\t\t\t<\/div>\n\t\t\t\t<\/div>\n\t\t\t\t<\/div>\n\t\t<div class=\"elementor-element elementor-element-b4cc9c5 e-con-full e-flex e-con e-child\" data-id=\"b4cc9c5\" data-element_type=\"container\" data-settings=\"{&quot;background_background&quot;:&quot;classic&quot;}\">\n\t\t\t\t<div class=\"elementor-element elementor-element-59ff531 wd-width-100 elementor-widget elementor-widget-wd_title\" data-id=\"59ff531\" data-element_type=\"widget\" data-widget_type=\"wd_title.default\">\n\t\t\t\t<div class=\"elementor-widget-container\">\n\t\t\t\t\t\t\t<div class=\"title-wrapper wd-set-mb reset-last-child wd-title-color-default wd-title-style-default wd-title-size-default text-left\">\n\n\t\t\t\n\t\t\t<div class=\"liner-continer\">\n\t\t\t\t<h4 class=\"woodmart-title-container title wd-fontsize-l\">\u0130stanbul \u0130\u00e7i Teslimat<\/h4> \n\t\t\t\t\t\t\t<\/div>\n\n\t\t\t\t\t<\/div>\n\t\t\t\t\t\t<\/div>\n\t\t\t\t<\/div>\n\t\t\t\t<div class=\"elementor-element elementor-element-34d6a41 elementor-widget elementor-widget-wd_text_block\" data-id=\"34d6a41\" data-element_type=\"widget\" data-widget_type=\"wd_text_block.default\">\n\t\t\t\t<div class=\"elementor-widget-container\">\n\t\t\t\t\t\t\t<div class=\"wd-text-block reset-last-child text-left\">\n\t\t\t\n\t\t\t<p>\u0130stanbul i\u00e7i se\u00e7ili \u00fcr\u00fcnlerde \u00fccretsiz teslimat hizmeti sunuyoruz.<br \/>Teslimatlar genellikle sipari\u015f onay\u0131ndan sonraki 1-3 i\u015f g\u00fcn\u00fc i\u00e7erisinde ger\u00e7ekle\u015ftirilir.<br \/>Teslimat adresinin uygunlu\u011funa g\u00f6re kurulum deste\u011fi sa\u011flanabilir (\u00fcr\u00fcne g\u00f6re de\u011fi\u015fiklik g\u00f6sterebilir).<\/p>\n\t\t\t\t\t<\/div>\n\t\t\t\t\t\t<\/div>\n\t\t\t\t<\/div>\n\t\t\t\t<div class=\"elementor-element elementor-element-40c0ecd wd-width-100 elementor-widget elementor-widget-wd_title\" data-id=\"40c0ecd\" data-element_type=\"widget\" data-widget_type=\"wd_title.default\">\n\t\t\t\t<div class=\"elementor-widget-container\">\n\t\t\t\t\t\t\t<div class=\"title-wrapper wd-set-mb reset-last-child wd-title-color-default wd-title-style-default wd-title-size-default text-left\">\n\n\t\t\t\n\t\t\t<div class=\"liner-continer\">\n\t\t\t\t<h4 class=\"woodmart-title-container title wd-fontsize-l\">Teslimat Ko\u015fullar\u0131<\/h4> \n\t\t\t\t\t\t\t<\/div>\n\n\t\t\t\t\t<\/div>\n\t\t\t\t\t\t<\/div>\n\t\t\t\t<\/div>\n\t\t\t\t<div class=\"elementor-element elementor-element-b15cd21 elementor-widget elementor-widget-wd_text_block\" data-id=\"b15cd21\" data-element_type=\"widget\" data-widget_type=\"wd_text_block.default\">\n\t\t\t\t<div class=\"elementor-widget-container\">\n\t\t\t\t\t\t\t<div class=\"wd-text-block reset-last-child text-left\">\n\t\t\t\n\t\t\t<p>Teslimat, bina giri\u015fine kadar yap\u0131l\u0131r. Kat teslimat\u0131 veya kurulum gerekiyorsa, \u00f6nceden belirtilmesi gerekmektedir.<br \/>M\u00fc\u015fteri taraf\u0131ndan belirtilen adreste herhangi bir yanl\u0131\u015fl\u0131k ya da teslimat\u0131 engelleyen durum olmas\u0131 halinde teslimat ertelenebilir.<\/p>\n\t\t\t\t\t<\/div>\n\t\t\t\t\t\t<\/div>\n\t\t\t\t<\/div>\n\t\t\t\t<div class=\"elementor-element elementor-element-81f5f02 wd-width-100 elementor-widget elementor-widget-wd_title\" data-id=\"81f5f02\" data-element_type=\"widget\" data-widget_type=\"wd_title.default\">\n\t\t\t\t<div class=\"elementor-widget-container\">\n\t\t\t\t\t\t\t<div class=\"title-wrapper wd-set-mb reset-last-child wd-title-color-default wd-title-style-default wd-title-size-default text-left\">\n\n\t\t\t\n\t\t\t<div class=\"liner-continer\">\n\t\t\t\t<h4 class=\"woodmart-title-container title wd-fontsize-l\">Teslimat Takibi<\/h4> \n\t\t\t\t\t\t\t<\/div>\n\n\t\t\t\t\t<\/div>\n\t\t\t\t\t\t<\/div>\n\t\t\t\t<\/div>\n\t\t\t\t<div class=\"elementor-element elementor-element-851be7f elementor-widget elementor-widget-wd_text_block\" data-id=\"851be7f\" data-element_type=\"widget\" data-widget_type=\"wd_text_block.default\">\n\t\t\t\t<div class=\"elementor-widget-container\">\n\t\t\t\t\t\t\t<div class=\"wd-text-block reset-last-child text-left\">\n\t\t\t\n\t\t\t<p>Sipari\u015f sonras\u0131 m\u00fc\u015fterilerimize teslimat s\u00fcreci hakk\u0131nda bilgilendirme yap\u0131l\u0131r.<br \/>Herhangi bir gecikme durumunda taraf\u0131n\u0131za bilgi verilir ve yeni teslimat tarihi belirlenir.<\/p>\n\t\t\t\t\t<\/div>\n\t\t\t\t\t\t<\/div>\n\t\t\t\t<\/div>\n\t\t\t\t<\/div>\n\t\t\t\t<\/div>\n\t\t<div class=\"wd-sticky-container-lg elementor-element elementor-element-a1c0eeb e-con-full elementor-hidden-tablet elementor-hidden-mobile e-flex e-con e-child\" data-id=\"a1c0eeb\" data-element_type=\"container\">\n\t\t<div class=\"elementor-element elementor-element-d633f79 e-con-full e-flex e-con e-child\" data-id=\"d633f79\" data-element_type=\"container\" data-settings=\"{&quot;background_background&quot;:&quot;classic&quot;}\">\n\t\t\t\t<div class=\"elementor-element elementor-element-dc279f1 wd-width-100 elementor-widget elementor-widget-wd_title\" data-id=\"dc279f1\" data-element_type=\"widget\" data-widget_type=\"wd_title.default\">\n\t\t\t\t<div class=\"elementor-widget-container\">\n\t\t\t\t\t\t\t<div class=\"title-wrapper wd-set-mb reset-last-child wd-title-color-default wd-title-style-default wd-title-size-small text-left\">\n\n\t\t\t\n\t\t\t<div class=\"liner-continer\">\n\t\t\t\t<h4 class=\"woodmart-title-container title wd-fontsize-m\">Yard\u0131ma m\u0131 ihtiyac\u0131n\u0131z var?<\/h4> \n\t\t\t\t\t\t\t<\/div>\n\n\t\t\t\t\t<\/div>\n\t\t\t\t\t\t<\/div>\n\t\t\t\t<\/div>\n\t\t\t\t<div class=\"elementor-element elementor-element-eb8a096 elementor-widget elementor-widget-wd_list\" data-id=\"eb8a096\" data-element_type=\"widget\" data-widget_type=\"wd_list.default\">\n\t\t\t\t<div class=\"elementor-widget-container\">\n\t\t\t\t\t\t\t<ul class=\"wd-list color-scheme-custom wd-fontsize-xs wd-type-icon wd-style-default text-left\">\n\t\t\t\t\t\t\t\t\t\t\t<li class=\"elementor-repeater-item-b7e03af\">\n\t\t\t\t\t\t\t\t\t\t\t<span class=\"wd-icon\"><img loading=\"lazy\" decoding=\"async\"  src=\"https:\/\/alibeykoyspot.com\/wp-content\/uploads\/2023\/01\/phone.svg\" title=\"phone\" loading=\"lazy\" width=\"32\" height=\"32\"><\/span>\t\t\t\t\t\n\t\t\t\t\t<span class=\"wd-list-content list-content\">\n\t\t\t\t\t\t+90 544 618 32 37\t\t\t\t\t<\/span>\n\n\t\t\t\t\t\n\t\t\t\t\t\t<a  href=\"#\" class=\"wd-fill\" aria-label=\"Liste \u00f6\u011fesi ba\u011flant\u0131s\u0131\"><\/a>\n\t\t\t\t\t\t\t\t\t<\/li>\n\t\t\t\t\t\t\t\t\t\t\t<li class=\"elementor-repeater-item-c05932f\">\n\t\t\t\t\t\t\t\t\t\t\t<span class=\"wd-icon\"><img loading=\"lazy\" decoding=\"async\"  src=\"https:\/\/alibeykoyspot.com\/wp-content\/uploads\/2023\/01\/email.svg\" title=\"email\" loading=\"lazy\" width=\"32\" height=\"32\"><\/span>\t\t\t\t\t\n\t\t\t\t\t<span class=\"wd-list-content list-content\">\n\t\t\t\t\t\tdestek@alibeykoyspot.com\t\t\t\t\t<\/span>\n\n\t\t\t\t\t\n\t\t\t\t\t\t<a  href=\"#\" class=\"wd-fill\" aria-label=\"Liste \u00f6\u011fesi ba\u011flant\u0131s\u0131\"><\/a>\n\t\t\t\t\t\t\t\t\t<\/li>\n\t\t\t\t\t<\/ul>\n\n\t\t\t\t\t\t<\/div>\n\t\t\t\t<\/div>\n\t\t\t\t<\/div>\n\t\t\t\t<\/div>\n\t\t\t\t\t<\/div>\n\t\t\t\t<\/div>\n\t\t\t\t<\/div>\n\t\t","protected":false},"excerpt":{"rendered":"<p>Teslimat Politikas\u0131 Alibeyk\u00f6y Spot olarak, m\u00fc\u015fteri memnuniyetini \u00f6n planda tutarak h\u0131zl\u0131 ve g\u00fcvenli teslimat hizmeti sunmaktay\u0131z. \u0130stanbul \u0130\u00e7i Teslimat \u0130stanbul<\/p>\n","protected":false},"author":1,"featured_media":0,"parent":0,"menu_order":0,"comment_status":"closed","ping_status":"closed","template":"","meta":{"footnotes":""},"class_list":["post-52","page","type-page","status-publish","hentry"],"_links":{"self":[{"href":"https:\/\/alibeykoyspot.com\/index.php\/wp-json\/wp\/v2\/pages\/52","targetHints":{"allow":["GET"]}}],"collection":[{"href":"https:\/\/alibeykoyspot.com\/index.php\/wp-json\/wp\/v2\/pages"}],"about":[{"href":"https:\/\/alibeykoyspot.com\/index.php\/wp-json\/wp\/v2\/types\/page"}],"author":[{"embeddable":true,"href":"https:\/\/alibeykoyspot.com\/index.php\/wp-json\/wp\/v2\/users\/1"}],"replies":[{"embeddable":true,"href":"https:\/\/alibeykoyspot.com\/index.php\/wp-json\/wp\/v2\/comments?post=52"}],"version-history":[{"count":8,"href":"https:\/\/alibeykoyspot.com\/index.php\/wp-json\/wp\/v2\/pages\/52\/revisions"}],"predecessor-version":[{"id":10822,"href":"https:\/\/alibeykoyspot.com\/index.php\/wp-json\/wp\/v2\/pages\/52\/revisions\/10822"}],"wp:attachment":[{"href":"https:\/\/alibeykoyspot.com\/index.php\/wp-json\/wp\/v2\/media?parent=52"}],"curies":[{"name":"wp","href":"https:\/\/api.w.org\/{rel}","templated":true}]}}